{"id":10,"date":"2020-07-10T09:57:04","date_gmt":"2020-07-10T07:57:04","guid":{"rendered":"http:\/\/magazin.jacorprojekt.de\/?page_id=10"},"modified":"2026-01-15T13:34:21","modified_gmt":"2026-01-15T12:34:21","slug":"startseite","status":"publish","type":"page","link":"https:\/\/partnersuche-ab-60.de\/magazin\/","title":{"rendered":"Startseite"},"content":{"rendered":"<div class=\"wpb-content-wrapper\"><p>[vc_row][vc_column el_class=&#8220;custombloglist&#8220; width=&#8220;2\/3&#8243;][vc_column_text el_class=&#8220;displaymobile single-widget-embed customboxstart&#8220;]<\/p>\n<h2>Partnersuche ab 60<\/h2>\n<p><a class=\"btn btn-primary btn-block btn-ab60\" href=\"https:\/\/partnersuche-ab-60.de\/suche\/?AID=magazin-widget\">Jetzt Singles finden<\/a>[\/vc_column_text]<div class=\"latest-blog vertical clearfix\"><div class=\"latest-blog-list  clearfix wpb_content_element\">\n\t\t\t\t\t\t\t<div class=\"blog-list-item-thumb\"><a href=\"https:\/\/partnersuche-ab-60.de\/magazin\/liebe-im-alter\/fragen-erstes-date-ab-60\/\" title=\"Die 25 besten Fragen f\u00fcr das erste Date ab 60 \u2013 und worauf Sie besser verzichten\"><img decoding=\"async\" src=\"\" alt=\"Die 25 besten Fragen f\u00fcr das erste Date ab 60 \u2013 und worauf Sie besser verzichten\" title=\"\"><\/a><\/div>\n\t\t\t\t\t\t  \t<div class=\"blog-list-item-description\">\n\t\t\t\t\t\t\t\t<h3><a href=\"https:\/\/partnersuche-ab-60.de\/magazin\/liebe-im-alter\/fragen-erstes-date-ab-60\/\" title=\"Die 25 besten Fragen f\u00fcr das erste Date ab 60 \u2013 und worauf Sie besser verzichten\">Die 25 besten Fragen f\u00fcr das erste Date ab 60 \u2013 und worauf Sie besser verzichten<\/a><\/h3>\n\t\t\t\t\t\t\t  \t<div class=\"blog-list-item-excerpt\">Stellen Sie sich vor: Sie sitzen einem Menschen gegen\u00fcber, den Sie bisher nur aus dem Chat kennen. Die Kaffeetassen dampfen, das Gespr\u00e4ch soll beginnen, und.. <a href=\"https:\/\/partnersuche-ab-60.de\/magazin\/liebe-im-alter\/fragen-erstes-date-ab-60\/\">Weiterlesen<\/a><\/div>\n\t\t\t\t\t\t\t<\/div>\n\t\t\t\t\t  \t<\/div><div class=\"latest-blog-list  clearfix wpb_content_element\">\n\t\t\t\t\t\t\t<div class=\"blog-list-item-thumb\"><a href=\"https:\/\/partnersuche-ab-60.de\/magazin\/liebe-im-alter\/einsamkeit-ab-60-was-wirklich-hilft\/\" title=\"Einsamkeit ab 60 \u2013 und wie man aktiv dagegen vorgeht\"><img decoding=\"async\" src=\"https:\/\/partnersuche-ab-60.de\/magazin\/wp-content\/uploads\/2026\/05\/Einsamkeit-ab-60-\u2013-und-wie-man-aktiv-dagegen-vorgeht.png\" alt=\"Einsamkeit ab 60 \u2013 und wie man aktiv dagegen vorgeht\" title=\"\"><\/a><\/div>\n\t\t\t\t\t\t  \t<div class=\"blog-list-item-description\">\n\t\t\t\t\t\t\t\t<h3><a href=\"https:\/\/partnersuche-ab-60.de\/magazin\/liebe-im-alter\/einsamkeit-ab-60-was-wirklich-hilft\/\" title=\"Einsamkeit ab 60 \u2013 und wie man aktiv dagegen vorgeht\">Einsamkeit ab 60 \u2013 und wie man aktiv dagegen vorgeht<\/a><\/h3>\n\t\t\t\t\t\t\t  \t<div class=\"blog-list-item-excerpt\">Maria ist 67 Jahre alt. Seit drei Jahren lebt sie allein, seit ihr Mann nach langer Krankheit gestorben ist. Die Kinder wohnen weit weg, die.. <a href=\"https:\/\/partnersuche-ab-60.de\/magazin\/liebe-im-alter\/einsamkeit-ab-60-was-wirklich-hilft\/\">Weiterlesen<\/a><\/div>\n\t\t\t\t\t\t\t<\/div>\n\t\t\t\t\t  \t<\/div><div class=\"latest-blog-list  clearfix wpb_content_element\">\n\t\t\t\t\t\t\t<div class=\"blog-list-item-thumb\"><a href=\"https:\/\/partnersuche-ab-60.de\/magazin\/liebe-im-alter\/date-am-1-mai-die-sch\/\" title=\"Date am 1. Mai: Die sch\u00f6nsten Ideen f\u00fcr Singles ab 60\"><img decoding=\"async\" src=\"https:\/\/partnersuche-ab-60.de\/magazin\/wp-content\/uploads\/2026\/04\/1777556018569-image_generation-google.png\" alt=\"Date am 1. Mai: Die sch\u00f6nsten Ideen f\u00fcr Singles ab 60\" title=\"\"><\/a><\/div>\n\t\t\t\t\t\t  \t<div class=\"blog-list-item-description\">\n\t\t\t\t\t\t\t\t<h3><a href=\"https:\/\/partnersuche-ab-60.de\/magazin\/liebe-im-alter\/date-am-1-mai-die-sch\/\" title=\"Date am 1. Mai: Die sch\u00f6nsten Ideen f\u00fcr Singles ab 60\">Date am 1. Mai: Die sch\u00f6nsten Ideen f\u00fcr Singles ab 60<\/a><\/h3>\n\t\t\t\t\t\t\t  \t<div class=\"blog-list-item-excerpt\">Der 1. Mai steht f\u00fcr Fr\u00fchling, Aufbruch und gemeinsame Zeit im Freien. Die Natur zeigt sich von ihrer sch\u00f6nsten Seite. Die Tage werden l\u00e4nger. Viele.. <a href=\"https:\/\/partnersuche-ab-60.de\/magazin\/liebe-im-alter\/date-am-1-mai-die-sch\/\">Weiterlesen<\/a><\/div>\n\t\t\t\t\t\t\t<\/div>\n\t\t\t\t\t  \t<\/div><div class=\"latest-blog-list  clearfix wpb_content_element\">\n\t\t\t\t\t\t\t<div class=\"blog-list-item-thumb\"><a href=\"https:\/\/partnersuche-ab-60.de\/magazin\/liebe-im-alter\/wie-lange-sollte-man\/\" title=\"Wie lange sollte man chatten, bevor man sich trifft?\"><img decoding=\"async\" src=\"https:\/\/partnersuche-ab-60.de\/magazin\/wp-content\/uploads\/2026\/04\/Wie-lange-sollte-man-chatten-bevor-man-sich-trifft.png\" alt=\"Wie lange sollte man chatten, bevor man sich trifft?\" title=\"\"><\/a><\/div>\n\t\t\t\t\t\t  \t<div class=\"blog-list-item-description\">\n\t\t\t\t\t\t\t\t<h3><a href=\"https:\/\/partnersuche-ab-60.de\/magazin\/liebe-im-alter\/wie-lange-sollte-man\/\" title=\"Wie lange sollte man chatten, bevor man sich trifft?\">Wie lange sollte man chatten, bevor man sich trifft?<\/a><\/h3>\n\t\t\t\t\t\t\t  \t<div class=\"blog-list-item-excerpt\">Was beim Online-Dating ab 60 hilft \u2013 und was nur Zeit kostet Wieder auf Partnersuche zu sein ist mutig und auch aufregend. Jemanden anschreiben, eine.. <a href=\"https:\/\/partnersuche-ab-60.de\/magazin\/liebe-im-alter\/wie-lange-sollte-man\/\">Weiterlesen<\/a><\/div>\n\t\t\t\t\t\t\t<\/div>\n\t\t\t\t\t  \t<\/div><div class=\"latest-blog-list  clearfix wpb_content_element\">\n\t\t\t\t\t\t\t<div class=\"blog-list-item-thumb\"><a href=\"https:\/\/partnersuche-ab-60.de\/magazin\/liebe-im-alter\/neuanfang-nach-trennung\/\" title=\"Neuanfang nach Trennung ab 60: Wie Sie den Weg zur\u00fcck zu sich \u2013 und zur Liebe \u2013 finden\"><img decoding=\"async\" src=\"https:\/\/partnersuche-ab-60.de\/magazin\/wp-content\/uploads\/2026\/04\/Neuanfang-nach-Trennung-ab-60-So-finden-Sie-zurueck-zur-Liebe.png\" alt=\"Neuanfang nach Trennung ab 60: Wie Sie den Weg zur\u00fcck zu sich \u2013 und zur Liebe \u2013 finden\" title=\"\"><\/a><\/div>\n\t\t\t\t\t\t  \t<div class=\"blog-list-item-description\">\n\t\t\t\t\t\t\t\t<h3><a href=\"https:\/\/partnersuche-ab-60.de\/magazin\/liebe-im-alter\/neuanfang-nach-trennung\/\" title=\"Neuanfang nach Trennung ab 60: Wie Sie den Weg zur\u00fcck zu sich \u2013 und zur Liebe \u2013 finden\">Neuanfang nach Trennung ab 60: Wie Sie den Weg zur\u00fcck zu sich \u2013 und zur Liebe \u2013 finden<\/a><\/h3>\n\t\t\t\t\t\t\t  \t<div class=\"blog-list-item-excerpt\">Stellen Sie sich vor, Sie sitzen an einem Sonntagmorgen allein am Fr\u00fchst\u00fcckstisch. Die Stille ist neu, das Gegen\u00fcber fehlt, und der Kaffee wird kalt. Genau.. <a href=\"https:\/\/partnersuche-ab-60.de\/magazin\/liebe-im-alter\/neuanfang-nach-trennung\/\">Weiterlesen<\/a><\/div>\n\t\t\t\t\t\t\t<\/div>\n\t\t\t\t\t  \t<\/div><div class=\"latest-blog-list  clearfix wpb_content_element\">\n\t\t\t\t\t\t\t<div class=\"blog-list-item-thumb\"><a href=\"https:\/\/partnersuche-ab-60.de\/magazin\/liebe-im-alter\/fake-profile-erkennen-so-schuetzen-sie-sich-beim-online-dating-ab-60\/\" title=\"Fake-Profile erkennen: So sch\u00fctzen Sie sich beim Online-Dating ab 60\"><img decoding=\"async\" src=\"https:\/\/partnersuche-ab-60.de\/magazin\/wp-content\/uploads\/2026\/04\/Fake-Profil-erkennen.png\" alt=\"Fake-Profile erkennen: So sch\u00fctzen Sie sich beim Online-Dating ab 60\" title=\"\"><\/a><\/div>\n\t\t\t\t\t\t  \t<div class=\"blog-list-item-description\">\n\t\t\t\t\t\t\t\t<h3><a href=\"https:\/\/partnersuche-ab-60.de\/magazin\/liebe-im-alter\/fake-profile-erkennen-so-schuetzen-sie-sich-beim-online-dating-ab-60\/\" title=\"Fake-Profile erkennen: So sch\u00fctzen Sie sich beim Online-Dating ab 60\">Fake-Profile erkennen: So sch\u00fctzen Sie sich beim Online-Dating ab 60<\/a><\/h3>\n\t\t\t\t\t\t\t  \t<div class=\"blog-list-item-excerpt\">&nbsp; Sie haben sich angemeldet. Das Profil ist fertig. Und dann kommt schon die erste Nachricht. Jemand schreibt herzlich. Fast zu herzlich. Zu schnell, zu.. <a href=\"https:\/\/partnersuche-ab-60.de\/magazin\/liebe-im-alter\/fake-profile-erkennen-so-schuetzen-sie-sich-beim-online-dating-ab-60\/\">Weiterlesen<\/a><\/div>\n\t\t\t\t\t\t\t<\/div>\n\t\t\t\t\t  \t<\/div><\/div>[\/vc_column][vc_column width=&#8220;1\/3&#8243;][vc_widget_sidebar sidebar_id=&#8220;blog-widgets&#8220;][\/vc_column][\/vc_row]<\/p>\n<\/div>","protected":false},"excerpt":{"rendered":"<p>[vc_row][vc_column el_class=&#8220;custombloglist&#8220; width=&#8220;2\/3&#8243;][vc_column_text el_class=&#8220;displaymobile single-widget-embed customboxstart&#8220;] Partnersuche ab 60 Jetzt Singles finden[\/vc_column_text][\/vc_column][vc_column width=&#8220;1\/3&#8243;][vc_widget_sidebar sidebar_id=&#8220;blog-widgets&#8220;][\/vc_column][\/vc_row]<\/p>\n","protected":false},"author":1,"featured_media":0,"parent":0,"menu_order":0,"comment_status":"closed","ping_status":"closed","template":"","meta":{"footnotes":""},"class_list":["post-10","page","type-page","status-publish","hentry"],"_links":{"self":[{"href":"https:\/\/partnersuche-ab-60.de\/magazin\/wp-json\/wp\/v2\/pages\/10","targetHints":{"allow":["GET"]}}],"collection":[{"href":"https:\/\/partnersuche-ab-60.de\/magazin\/wp-json\/wp\/v2\/pages"}],"about":[{"href":"https:\/\/partnersuche-ab-60.de\/magazin\/wp-json\/wp\/v2\/types\/page"}],"author":[{"embeddable":true,"href":"https:\/\/partnersuche-ab-60.de\/magazin\/wp-json\/wp\/v2\/users\/1"}],"replies":[{"embeddable":true,"href":"https:\/\/partnersuche-ab-60.de\/magazin\/wp-json\/wp\/v2\/comments?post=10"}],"version-history":[{"count":10,"href":"https:\/\/partnersuche-ab-60.de\/magazin\/wp-json\/wp\/v2\/pages\/10\/revisions"}],"predecessor-version":[{"id":1819,"href":"https:\/\/partnersuche-ab-60.de\/magazin\/wp-json\/wp\/v2\/pages\/10\/revisions\/1819"}],"wp:attachment":[{"href":"https:\/\/partnersuche-ab-60.de\/magazin\/wp-json\/wp\/v2\/media?parent=10"}],"curies":[{"name":"wp","href":"https:\/\/api.w.org\/{rel}","templated":true}]}}